{"id":11551,"date":"2023-08-14T22:58:59","date_gmt":"2023-08-14T21:58:59","guid":{"rendered":"https:\/\/prahatransfers.cz\/?page_id=11551"},"modified":"2023-12-10T23:02:59","modified_gmt":"2023-12-10T22:02:59","slug":"transfers-from-aiport-prague-discount","status":"publish","type":"page","link":"https:\/\/prahatransfers.cz\/cz\/transfers-from-aiport-prague-discount\/","title":{"rendered":"-5% na v\u0161echny zp\u00e1te\u010dn\u00e9 transfery!"},"content":{"rendered":"\n<figure class=\"wp-block-image size-full\"><a href=\"https:\/\/prahatransfers.cz\/wp-content\/uploads\/2023\/12\/discount.jpg\"><img loading=\"lazy\" decoding=\"async\" width=\"800\" height=\"300\" src=\"https:\/\/prahatransfers.cz\/wp-content\/uploads\/2023\/12\/discount.jpg\" alt=\"\" class=\"wp-image-11987\" srcset=\"https:\/\/prahatransfers.cz\/wp-content\/uploads\/2023\/12\/discount.jpg 800w, https:\/\/prahatransfers.cz\/wp-content\/uploads\/2023\/12\/discount-300x113.jpg 300w, https:\/\/prahatransfers.cz\/wp-content\/uploads\/2023\/12\/discount-768x288.jpg 768w, https:\/\/prahatransfers.cz\/wp-content\/uploads\/2023\/12\/discount-460x173.jpg 460w\" sizes=\"auto, (max-width: 800px) 100vw, 800px\" \/><\/a><figcaption>Created with GIMP<\/figcaption><\/figure>\n\n\n\n<p>Ano, nejenom pro V\u00e1s m\u00e1me fixn\u00ed ceny, vodu, internet a d\u011btsk\u00e9 seda\u010dky zdarma pro na\u0161e z\u00e1kazn\u00edky, ale pro v\u011brn\u00e9 z\u00e1kazn\u00edky co u n\u00e1s objednaj\u00ed i zp\u011btn\u00fd transfer p\u0159i prvotn\u00ed objedn\u00e1vce, na zp\u00e1te\u010dn\u00e1 transfery obdr\u017e\u00edte 5% slevu nav\u00edc!<br>Samoz\u0159ejm\u011b nikdo nepo\u017eaduje po V\u00e1s platit p\u0159edem, m\u016f\u017eete platit v hotovosti u \u0159idi\u010de a nebo kartou v aut\u011b bez komplikac\u00ed a bez nav\u00fd\u0161en\u00ed.<br>V p\u0159\u00edpad\u011b no\u010dn\u00edch transfer\u016f akce neplat\u00ed!<br>V p\u0159\u00edpad\u011b dotaz\u016f, nev\u00e1hejte n\u00e1s kontaktovat na info@prahatransfers.cz a nebo p\u0159es aplikace WatsApp, Viber, Telegram na telefonn\u00edm \u010d\u00edsle +420 776 888 115<\/p>\n","protected":false},"excerpt":{"rendered":"<p>Ano, nejenom pro V\u00e1s m\u00e1me fixn\u00ed ceny, vodu, internet a d\u011btsk\u00e9 seda\u010dky zdarma pro na\u0161e z\u00e1kazn\u00edky, ale pro v\u011brn\u00e9 z\u00e1kazn\u00edky co u n\u00e1s objednaj\u00ed i zp\u011btn\u00fd transfer p\u0159i prvotn\u00ed objedn\u00e1vce, na zp\u00e1te\u010dn\u00e1 transfery obdr\u017e\u00edte 5% slevu nav\u00edc!Samoz\u0159ejm\u011b nikdo nepo\u017eaduje po V\u00e1s platit p\u0159edem, m\u016f\u017eete platit v hotovosti u \u0159idi\u010de a nebo kartou v aut\u011b bez&hellip;<\/p>\n<p class=\"more-link\"><a href=\"https:\/\/prahatransfers.cz\/cz\/transfers-from-aiport-prague-discount\/\" class=\"themebutton\">Read More<\/a><\/p>\n","protected":false},"author":1,"featured_media":0,"parent":0,"menu_order":0,"comment_status":"closed","ping_status":"closed","template":"","meta":{"footnotes":""},"class_list":["post-11551","page","type-page","status-publish","hentry"],"_links":{"self":[{"href":"https:\/\/prahatransfers.cz\/cz\/wp-json\/wp\/v2\/pages\/11551","targetHints":{"allow":["GET"]}}],"collection":[{"href":"https:\/\/prahatransfers.cz\/cz\/wp-json\/wp\/v2\/pages"}],"about":[{"href":"https:\/\/prahatransfers.cz\/cz\/wp-json\/wp\/v2\/types\/page"}],"author":[{"embeddable":true,"href":"https:\/\/prahatransfers.cz\/cz\/wp-json\/wp\/v2\/users\/1"}],"replies":[{"embeddable":true,"href":"https:\/\/prahatransfers.cz\/cz\/wp-json\/wp\/v2\/comments?post=11551"}],"version-history":[{"count":10,"href":"https:\/\/prahatransfers.cz\/cz\/wp-json\/wp\/v2\/pages\/11551\/revisions"}],"predecessor-version":[{"id":11990,"href":"https:\/\/prahatransfers.cz\/cz\/wp-json\/wp\/v2\/pages\/11551\/revisions\/11990"}],"wp:attachment":[{"href":"https:\/\/prahatransfers.cz\/cz\/wp-json\/wp\/v2\/media?parent=11551"}],"curies":[{"name":"wp","href":"https:\/\/api.w.org\/{rel}","templated":true}]}}