{"id":19,"date":"2016-01-12T00:42:41","date_gmt":"2016-01-11T23:42:41","guid":{"rendered":"http:\/\/prahatransfers.cz\/?page_id=19"},"modified":"2024-02-01T19:38:04","modified_gmt":"2024-02-01T18:38:04","slug":"onas","status":"publish","type":"page","link":"https:\/\/prahatransfers.cz\/cz\/onas\/","title":{"rendered":"O n\u00e1s"},"content":{"rendered":"<div class=\"wp-block-image\">\n<figure class=\"aligncenter size-large is-resized\"><a href=\"https:\/\/prahatransfers.cz\/wp-content\/uploads\/2017\/06\/vw-caravelle.jpg\"><img loading=\"lazy\" decoding=\"async\" src=\"https:\/\/prahatransfers.cz\/wp-content\/uploads\/2017\/06\/vw-caravelle-1024x683.jpg\" alt=\"prahatransfers.cz\" class=\"wp-image-539\" width=\"549\" height=\"366\" srcset=\"https:\/\/prahatransfers.cz\/wp-content\/uploads\/2017\/06\/vw-caravelle-1024x683.jpg 1024w, https:\/\/prahatransfers.cz\/wp-content\/uploads\/2017\/06\/vw-caravelle-600x400.jpg 600w, https:\/\/prahatransfers.cz\/wp-content\/uploads\/2017\/06\/vw-caravelle-300x200.jpg 300w, https:\/\/prahatransfers.cz\/wp-content\/uploads\/2017\/06\/vw-caravelle-768x512.jpg 768w\" sizes=\"auto, (max-width: 549px) 100vw, 549px\" \/><\/a><\/figure>\n<\/div>\n\n\n<p>\u201ePrahaTransfers.cz\u201c p\u016fsob\u00ed na trhu ji\u017e del\u0161\u00ed dobu na slu\u017eb\u00e1ch Transfer na Leti\u0161t\u011b Praha, Transfer z Leti\u0161t\u011b Praha do centra m\u011bsta a tak\u00e9 Transfery z Leti\u0161t\u011b Praha do \u010desk\u00fdch l\u00e1zn\u00ed. T\u00fdm tvo\u0159\u00ed profesion\u00e1ln\u00ed, kvalifikovan\u00ed zam\u011bstnanci se zku\u0161enostmi v doprav\u011b a cestovn\u00edm ruchu.<br>PrahaTransfers.cz nen\u00ed dal\u0161\u00ed str\u00e1nkou slu\u017eeb, kde jsou nesrozumiteln\u00e9 nab\u00eddky a nesrozumiteln\u00e9 podm\u00ednky, v\u0161ichni na\u0161i klienti jsou poji\u0161t\u011bni. PrahaTransfers.cz je spole\u010dnost poskytuj\u00edc\u00ed komplexn\u00ed dopravn\u00ed slu\u017eby: transfer na leti\u0161t\u011b Praha, transfer z leti\u0161t\u011b Praha do Karlov\u00fdch Var\u016f, transfer z leti\u0161t\u011b Praha do centra m\u011bsta, transfer z leti\u0161t\u011b Praha do Mari\u00e1nsk\u00fdch L\u00e1zn\u00ed a dal\u0161\u00edch \u010desk\u00fdch letovisek.<br>Hlavn\u00edm c\u00edlem PrahaTransfers.cz je nab\u00eddnout na\u0161im klient\u016fm slu\u0161n\u00e9, kvalitn\u00ed slu\u017eby s vysokou \u00farovn\u00ed slu\u017eeb. Zad\u00e1v\u00e1me pouze ofici\u00e1ln\u00ed recenze na\u0161ich z\u00e1kazn\u00edk\u016f, nezad\u00e1v\u00e1me anonymn\u00ed! N\u00e1zor na\u0161ich v\u00e1\u017een\u00fdch z\u00e1kazn\u00edk\u016f si m\u016f\u017eete p\u0159e\u010d\u00edst na tomto odkazu. Rychl\u00e9 \u0159e\u0161en\u00ed zad\u00e1n\u00ed je jednou z hlavn\u00edch v\u00fdhod na\u0161\u00ed pr\u00e1ce. nenab\u00edz\u00edme jen transfery, nab\u00edz\u00edme transfery do \u00farovn\u00ed s n\u00edzk\u00fdmi tarify &#8211; v cen\u011b je neperliv\u00e1 voda, v\u0161echny vozy maj\u00ed k wifi p\u0159ipojen\u00ed, autoseda\u010dka pro d\u011bti zdarma, tablet s internetem, lze platit kreditn\u00ed kartou pop\u0159. hotovost \u0159idi\u010di.<br>\u010cist\u00e1 a pohodln\u00e1 auta, rusky\/anglicky mluv\u00edc\u00ed \u0159idi\u010di, v\u0161echna auta maj\u00ed klimatizaci a hlavn\u011b ceny za transfery a tax\u00edky jsou ni\u017e\u0161\u00ed ne\u017e v\u0161echny! Na\u0161im z\u00e1kazn\u00edk\u016fm poskytujeme pouze kvalitn\u00ed, technicky nez\u00e1vadn\u00e1 a poji\u0161t\u011bn\u00e1 vozidla.<br>Cena p\u0159epravn\u00edch slu\u017eeb je pevn\u00e1 a nez\u00e1vis\u00ed na denn\u00ed dob\u011b, dni v t\u00fddnu ani pov\u011btrnostn\u00edch podm\u00ednk\u00e1ch. Z\u00e1kazn\u00edk\u016fm je zaru\u010deno, \u017ee budou v p\u0159\u00edpad\u011b zpo\u017ed\u011bn\u00ed letadla vysly\u0161eny a doru\u010deny na objednanou adresu, stejn\u011b jako v\u00e1s vyzvedneme na uveden\u00e9 adrese a doprav\u00edme v\u00e1s v\u010das na leti\u0161t\u011b.<br>V\u0161ichni \u0159idi\u010di jsou profesion\u00e1lov\u00e9 s bohat\u00fdmi zku\u0161enostmi a zku\u0161enostmi, kte\u0159\u00ed um\u00ed rusky. PrahaTransfers.cz p\u0159ij\u00edm\u00e1 objedn\u00e1vky denn\u011b od 9:00 do 18:00. Douf\u00e1me, \u017ee se stanete na\u0161\u00edm pravideln\u00fdm z\u00e1kazn\u00edkem nebo partnerem. Vyu\u017eijeme na\u0161ich slu\u017eeb a ocen\u00edme \u00farove\u0148 nab\u00edzen\u00fdch slu\u017eeb.<\/p>\n\n\n\n<p>S pozdravem \u201cPrahaTransfers.cz\u201d<\/p>\n","protected":false},"excerpt":{"rendered":"<p>\u201ePrahaTransfers.cz\u201c p\u016fsob\u00ed na trhu ji\u017e del\u0161\u00ed dobu na slu\u017eb\u00e1ch Transfer na Leti\u0161t\u011b Praha, Transfer z Leti\u0161t\u011b Praha do centra m\u011bsta a tak\u00e9 Transfery z Leti\u0161t\u011b Praha do \u010desk\u00fdch l\u00e1zn\u00ed. T\u00fdm tvo\u0159\u00ed profesion\u00e1ln\u00ed, kvalifikovan\u00ed zam\u011bstnanci se zku\u0161enostmi v doprav\u011b a cestovn\u00edm ruchu.PrahaTransfers.cz nen\u00ed dal\u0161\u00ed str\u00e1nkou slu\u017eeb, kde jsou nesrozumiteln\u00e9 nab\u00eddky a nesrozumiteln\u00e9 podm\u00ednky, v\u0161ichni na\u0161i klienti&hellip;<\/p>\n<p class=\"more-link\"><a href=\"https:\/\/prahatransfers.cz\/cz\/onas\/\" class=\"themebutton\">Read More<\/a><\/p>\n","protected":false},"author":1,"featured_media":0,"parent":0,"menu_order":0,"comment_status":"closed","ping_status":"closed","template":"","meta":{"footnotes":""},"class_list":["post-19","page","type-page","status-publish","hentry"],"_links":{"self":[{"href":"https:\/\/prahatransfers.cz\/cz\/wp-json\/wp\/v2\/pages\/19","targetHints":{"allow":["GET"]}}],"collection":[{"href":"https:\/\/prahatransfers.cz\/cz\/wp-json\/wp\/v2\/pages"}],"about":[{"href":"https:\/\/prahatransfers.cz\/cz\/wp-json\/wp\/v2\/types\/page"}],"author":[{"embeddable":true,"href":"https:\/\/prahatransfers.cz\/cz\/wp-json\/wp\/v2\/users\/1"}],"replies":[{"embeddable":true,"href":"https:\/\/prahatransfers.cz\/cz\/wp-json\/wp\/v2\/comments?post=19"}],"version-history":[{"count":26,"href":"https:\/\/prahatransfers.cz\/cz\/wp-json\/wp\/v2\/pages\/19\/revisions"}],"predecessor-version":[{"id":12011,"href":"https:\/\/prahatransfers.cz\/cz\/wp-json\/wp\/v2\/pages\/19\/revisions\/12011"}],"wp:attachment":[{"href":"https:\/\/prahatransfers.cz\/cz\/wp-json\/wp\/v2\/media?parent=19"}],"curies":[{"name":"wp","href":"https:\/\/api.w.org\/{rel}","templated":true}]}}