{"id":21,"date":"2016-01-12T00:43:32","date_gmt":"2016-01-11T23:43:32","guid":{"rendered":"http:\/\/prahatransfers.cz\/?page_id=21"},"modified":"2023-06-29T10:14:55","modified_gmt":"2023-06-29T09:14:55","slug":"services","status":"publish","type":"page","link":"https:\/\/prahatransfers.cz\/cz\/services\/","title":{"rendered":"Slu\u017eby"},"content":{"rendered":"\n<p><a href=\"https:\/\/prahatransfers.cz\/\">Transfer z leti\u0161t\u011b Prahy V\u00e1clava Havla <\/a><\/p>\n\n\n\n<p><a href=\"https:\/\/prahatransfers.cz\/services\/rent-a-car-prague\/\">P\u016fj\u010dovna voz\u016f v Praze<\/a><\/p>\n\n\n\n<p><a href=\"https:\/\/prahatransfers.cz\/shop-tours\/\">Shoptour z Prahy do Rakouska a N\u011bmecka<\/a><\/p>\n\n\n\n<p><\/p>\n","protected":false},"excerpt":{"rendered":"<p>Transfer z leti\u0161t\u011b Prahy V\u00e1clava Havla P\u016fj\u010dovna voz\u016f v Praze Shoptour z Prahy do Rakouska a N\u011bmecka<\/p>\n","protected":false},"author":1,"featured_media":0,"parent":0,"menu_order":0,"comment_status":"closed","ping_status":"closed","template":"","meta":{"footnotes":""},"class_list":["post-21","page","type-page","status-publish","hentry"],"_links":{"self":[{"href":"https:\/\/prahatransfers.cz\/cz\/wp-json\/wp\/v2\/pages\/21","targetHints":{"allow":["GET"]}}],"collection":[{"href":"https:\/\/prahatransfers.cz\/cz\/wp-json\/wp\/v2\/pages"}],"about":[{"href":"https:\/\/prahatransfers.cz\/cz\/wp-json\/wp\/v2\/types\/page"}],"author":[{"embeddable":true,"href":"https:\/\/prahatransfers.cz\/cz\/wp-json\/wp\/v2\/users\/1"}],"replies":[{"embeddable":true,"href":"https:\/\/prahatransfers.cz\/cz\/wp-json\/wp\/v2\/comments?post=21"}],"version-history":[{"count":12,"href":"https:\/\/prahatransfers.cz\/cz\/wp-json\/wp\/v2\/pages\/21\/revisions"}],"predecessor-version":[{"id":11236,"href":"https:\/\/prahatransfers.cz\/cz\/wp-json\/wp\/v2\/pages\/21\/revisions\/11236"}],"wp:attachment":[{"href":"https:\/\/prahatransfers.cz\/cz\/wp-json\/wp\/v2\/media?parent=21"}],"curies":[{"name":"wp","href":"https:\/\/api.w.org\/{rel}","templated":true}]}}