{"id":90,"date":"2016-01-13T15:36:56","date_gmt":"2016-01-13T14:36:56","guid":{"rendered":"http:\/\/prahatransfers.cz\/?page_id=90"},"modified":"2025-02-11T10:57:28","modified_gmt":"2025-02-11T09:57:28","slug":"kontakty","status":"publish","type":"page","link":"https:\/\/prahatransfers.cz\/cz\/kontakty\/","title":{"rendered":"Kontakty"},"content":{"rendered":"\n<p>Telefon: +420 776 888 115 CZ \/ RU \/ EN<br>E-mail: info@prahatransfers.cz, orders@prahatransfers.cz<br>N\u00e1zev spole\u010dnosti: PrahaTransfers.cz<br>Adresa s\u00eddla: Praha 18, Let\u0148any, R\u00fdma\u0159ovsk\u00e1 434<br>\u2013 Objedn\u00e1vky p\u0159ij\u00edm\u00e1me pouze p\u00edsemn\u011b (aby se p\u0159ede\u0161lo nep\u0159\u00edjemn\u00fdm situac\u00edm) \u2013<\/p>\n\n\n\n<p>Bankovn\u00ed \u00fa\u010det: 670100-2206435770\/6210, IBAN: CZ04 6210 6701 0022 0643 5770, BIC: BREXCZPPXXX<\/p>\n\n\n\n<p>Pro\u010d PrahaTransfers.cz? proto\u017ee nab\u00edz\u00edme nejv\u00fdhodn\u011bj\u0161\u00ed slu\u017eby, slu\u017eba je na velmi vysok\u00e9 \u00farovni, ceny n\u00edzk\u00e9, kvalita velmi vysok\u00e1! Jsme ofici\u00e1ln\u00ed spole\u010dnost s licenc\u00ed, ne oby\u010dejn\u00e9 taxi! kvalitu m\u016f\u017eeme zkontrolovat i podle ofici\u00e1ln\u00edch recenz\u00ed.<br>V cen\u011b je neperliv\u00e1 voda, sch\u016fzka na leti\u0161ti, \u010desky mluv\u00edc\u00ed \u0159idi\u010di, 21% DPH, internet s tabletem, d\u011btsk\u00e1 seda\u010dka a rychl\u00e1 odezva oper\u00e1tora!<\/p>\n","protected":false},"excerpt":{"rendered":"<p>Telefon: +420 776 888 115 CZ \/ RU \/ ENE-mail: info@prahatransfers.cz, orders@prahatransfers.czN\u00e1zev spole\u010dnosti: PrahaTransfers.czAdresa s\u00eddla: Praha 18, Let\u0148any, R\u00fdma\u0159ovsk\u00e1 434\u2013 Objedn\u00e1vky p\u0159ij\u00edm\u00e1me pouze p\u00edsemn\u011b (aby se p\u0159ede\u0161lo nep\u0159\u00edjemn\u00fdm situac\u00edm) \u2013 Bankovn\u00ed \u00fa\u010det: 670100-2206435770\/6210, IBAN: CZ04 6210 6701 0022 0643 5770, BIC: BREXCZPPXXX Pro\u010d PrahaTransfers.cz? proto\u017ee nab\u00edz\u00edme nejv\u00fdhodn\u011bj\u0161\u00ed slu\u017eby, slu\u017eba je na velmi vysok\u00e9 \u00farovni, ceny&hellip;<\/p>\n<p class=\"more-link\"><a href=\"https:\/\/prahatransfers.cz\/cz\/kontakty\/\" class=\"themebutton\">Read More<\/a><\/p>\n","protected":false},"author":1,"featured_media":0,"parent":0,"menu_order":0,"comment_status":"closed","ping_status":"closed","template":"","meta":{"footnotes":""},"class_list":["post-90","page","type-page","status-publish","hentry"],"_links":{"self":[{"href":"https:\/\/prahatransfers.cz\/cz\/wp-json\/wp\/v2\/pages\/90","targetHints":{"allow":["GET"]}}],"collection":[{"href":"https:\/\/prahatransfers.cz\/cz\/wp-json\/wp\/v2\/pages"}],"about":[{"href":"https:\/\/prahatransfers.cz\/cz\/wp-json\/wp\/v2\/types\/page"}],"author":[{"embeddable":true,"href":"https:\/\/prahatransfers.cz\/cz\/wp-json\/wp\/v2\/users\/1"}],"replies":[{"embeddable":true,"href":"https:\/\/prahatransfers.cz\/cz\/wp-json\/wp\/v2\/comments?post=90"}],"version-history":[{"count":71,"href":"https:\/\/prahatransfers.cz\/cz\/wp-json\/wp\/v2\/pages\/90\/revisions"}],"predecessor-version":[{"id":12062,"href":"https:\/\/prahatransfers.cz\/cz\/wp-json\/wp\/v2\/pages\/90\/revisions\/12062"}],"wp:attachment":[{"href":"https:\/\/prahatransfers.cz\/cz\/wp-json\/wp\/v2\/media?parent=90"}],"curies":[{"name":"wp","href":"https:\/\/api.w.org\/{rel}","templated":true}]}}