{"id":964,"date":"2020-03-22T14:46:17","date_gmt":"2020-03-22T13:46:17","guid":{"rendered":"http:\/\/prahatransfers.cz\/?page_id=964"},"modified":"2025-02-24T14:25:53","modified_gmt":"2025-02-24T13:25:53","slug":"carpark","status":"publish","type":"page","link":"https:\/\/prahatransfers.cz\/cz\/carpark\/","title":{"rendered":"Autopark"},"content":{"rendered":"\n<p>Ve vozov\u00e9m parku m\u00e1me pouze udr\u017eovan\u00e9 a kvalitn\u00ed vozy, nab\u00edz\u00edme jak ekonomickou, komfortn\u00ed, tak business t\u0159\u00eddu, minibusy i autobusy a neust\u00e1le zlep\u0161ujeme na\u0161e slu\u017eby a aktualizujeme vozov\u00fd park.<br>\u0158idi\u010di jsou pouze seriozn\u00ed, zodpov\u011bdn\u00ed a podle podm\u00ednek mus\u00ed udr\u017eovat auta v \u010distot\u011b, my se o to star\u00e1me.<br>V\u0161echna auta maj\u00ed p\u0159\u00edstup ve voze wifi, poji\u0161t\u011bn\u00ed pro p\u0159\u00edpad nehody, vystavujeme ve\u0161ker\u00e9 faktury s dan\u00ed a p\u0159ed z\u00e1kazn\u00edky nic neskr\u00fdv\u00e1me.<br>Na webu si m\u016f\u017eete spo\u010d\u00edtat cenu, kter\u00e1 je pro v\u00e1s pevn\u00e1.<\/p>\n\n\n\n<p><\/p>\n\n\n\n<div class=\"wp-block-columns is-layout-flex wp-container-core-columns-is-layout-9d6595d7 wp-block-columns-is-layout-flex\">\n<div class=\"wp-block-column is-layout-flow wp-block-column-is-layout-flow\">\n<figure class=\"wp-block-image size-full\"><a href=\"https:\/\/prahatransfers.cz\/wp-content\/uploads\/2020\/04\/eco.jpg\"><img loading=\"lazy\" decoding=\"async\" width=\"500\" height=\"500\" src=\"https:\/\/prahatransfers.cz\/wp-content\/uploads\/2020\/04\/eco.jpg\" alt=\"\" class=\"wp-image-10976\" srcset=\"https:\/\/prahatransfers.cz\/wp-content\/uploads\/2020\/04\/eco.jpg 500w, https:\/\/prahatransfers.cz\/wp-content\/uploads\/2020\/04\/eco-300x300.jpg 300w, https:\/\/prahatransfers.cz\/wp-content\/uploads\/2020\/04\/eco-150x150.jpg 150w, https:\/\/prahatransfers.cz\/wp-content\/uploads\/2020\/04\/eco-306x306.jpg 306w, https:\/\/prahatransfers.cz\/wp-content\/uploads\/2020\/04\/eco-100x100.jpg 100w\" sizes=\"auto, (max-width: 500px) 100vw, 500px\" \/><\/a><\/figure>\n<\/div>\n\n\n\n<div class=\"wp-block-column is-layout-flow wp-block-column-is-layout-flow\">\n<figure class=\"wp-block-image size-full\"><a href=\"https:\/\/prahatransfers.cz\/wp-content\/uploads\/2020\/04\/comfort.jpg\"><img loading=\"lazy\" decoding=\"async\" width=\"500\" height=\"500\" src=\"https:\/\/prahatransfers.cz\/wp-content\/uploads\/2020\/04\/comfort.jpg\" alt=\"\" class=\"wp-image-10975\" srcset=\"https:\/\/prahatransfers.cz\/wp-content\/uploads\/2020\/04\/comfort.jpg 500w, https:\/\/prahatransfers.cz\/wp-content\/uploads\/2020\/04\/comfort-300x300.jpg 300w, https:\/\/prahatransfers.cz\/wp-content\/uploads\/2020\/04\/comfort-150x150.jpg 150w, https:\/\/prahatransfers.cz\/wp-content\/uploads\/2020\/04\/comfort-306x306.jpg 306w, https:\/\/prahatransfers.cz\/wp-content\/uploads\/2020\/04\/comfort-100x100.jpg 100w\" sizes=\"auto, (max-width: 500px) 100vw, 500px\" \/><\/a><\/figure>\n<\/div>\n\n\n\n<div class=\"wp-block-column is-layout-flow wp-block-column-is-layout-flow\">\n<figure class=\"wp-block-image size-full\"><a href=\"https:\/\/prahatransfers.cz\/wp-content\/uploads\/2022\/07\/minivan-1.jpg\"><img loading=\"lazy\" decoding=\"async\" width=\"500\" height=\"500\" src=\"https:\/\/prahatransfers.cz\/wp-content\/uploads\/2022\/07\/minivan-1.jpg\" alt=\"\" class=\"wp-image-11126\" srcset=\"https:\/\/prahatransfers.cz\/wp-content\/uploads\/2022\/07\/minivan-1.jpg 500w, https:\/\/prahatransfers.cz\/wp-content\/uploads\/2022\/07\/minivan-1-300x300.jpg 300w, https:\/\/prahatransfers.cz\/wp-content\/uploads\/2022\/07\/minivan-1-150x150.jpg 150w, https:\/\/prahatransfers.cz\/wp-content\/uploads\/2022\/07\/minivan-1-306x306.jpg 306w, https:\/\/prahatransfers.cz\/wp-content\/uploads\/2022\/07\/minivan-1-100x100.jpg 100w\" sizes=\"auto, (max-width: 500px) 100vw, 500px\" \/><\/a><\/figure>\n<\/div>\n<\/div>\n\n\n\n<div class=\"wp-block-columns is-layout-flex wp-container-core-columns-is-layout-9d6595d7 wp-block-columns-is-layout-flex\">\n<div class=\"wp-block-column is-layout-flow wp-block-column-is-layout-flow\">\n<figure class=\"wp-block-image size-full\"><a href=\"https:\/\/prahatransfers.cz\/wp-content\/uploads\/2022\/07\/minivan.jpg\"><img loading=\"lazy\" decoding=\"async\" width=\"500\" height=\"500\" src=\"https:\/\/prahatransfers.cz\/wp-content\/uploads\/2022\/07\/minivan.jpg\" alt=\"\" class=\"wp-image-11042\" srcset=\"https:\/\/prahatransfers.cz\/wp-content\/uploads\/2022\/07\/minivan.jpg 500w, https:\/\/prahatransfers.cz\/wp-content\/uploads\/2022\/07\/minivan-300x300.jpg 300w, https:\/\/prahatransfers.cz\/wp-content\/uploads\/2022\/07\/minivan-150x150.jpg 150w, https:\/\/prahatransfers.cz\/wp-content\/uploads\/2022\/07\/minivan-306x306.jpg 306w, https:\/\/prahatransfers.cz\/wp-content\/uploads\/2022\/07\/minivan-100x100.jpg 100w\" sizes=\"auto, (max-width: 500px) 100vw, 500px\" \/><\/a><\/figure>\n<\/div>\n\n\n\n<div class=\"wp-block-column is-layout-flow wp-block-column-is-layout-flow\">\n<figure class=\"wp-block-image size-full\"><a href=\"https:\/\/prahatransfers.cz\/wp-content\/uploads\/2022\/07\/minibus.jpg\"><img loading=\"lazy\" decoding=\"async\" width=\"500\" height=\"500\" src=\"https:\/\/prahatransfers.cz\/wp-content\/uploads\/2022\/07\/minibus.jpg\" alt=\"\" class=\"wp-image-11125\" srcset=\"https:\/\/prahatransfers.cz\/wp-content\/uploads\/2022\/07\/minibus.jpg 500w, https:\/\/prahatransfers.cz\/wp-content\/uploads\/2022\/07\/minibus-300x300.jpg 300w, https:\/\/prahatransfers.cz\/wp-content\/uploads\/2022\/07\/minibus-150x150.jpg 150w, https:\/\/prahatransfers.cz\/wp-content\/uploads\/2022\/07\/minibus-306x306.jpg 306w, https:\/\/prahatransfers.cz\/wp-content\/uploads\/2022\/07\/minibus-100x100.jpg 100w\" sizes=\"auto, (max-width: 500px) 100vw, 500px\" \/><\/a><\/figure>\n<\/div>\n\n\n\n<div class=\"wp-block-column is-layout-flow wp-block-column-is-layout-flow\">\n<figure class=\"wp-block-image size-full\"><a href=\"https:\/\/prahatransfers.cz\/wp-content\/uploads\/2020\/04\/minibus.jpg\"><img loading=\"lazy\" decoding=\"async\" width=\"500\" height=\"500\" src=\"https:\/\/prahatransfers.cz\/wp-content\/uploads\/2020\/04\/minibus.jpg\" alt=\"\" class=\"wp-image-10973\" srcset=\"https:\/\/prahatransfers.cz\/wp-content\/uploads\/2020\/04\/minibus.jpg 500w, https:\/\/prahatransfers.cz\/wp-content\/uploads\/2020\/04\/minibus-300x300.jpg 300w, https:\/\/prahatransfers.cz\/wp-content\/uploads\/2020\/04\/minibus-150x150.jpg 150w, https:\/\/prahatransfers.cz\/wp-content\/uploads\/2020\/04\/minibus-306x306.jpg 306w, https:\/\/prahatransfers.cz\/wp-content\/uploads\/2020\/04\/minibus-100x100.jpg 100w\" sizes=\"auto, (max-width: 500px) 100vw, 500px\" \/><\/a><\/figure>\n<\/div>\n<\/div>\n\n\n\n<div class=\"wp-block-columns is-layout-flex wp-container-core-columns-is-layout-9d6595d7 wp-block-columns-is-layout-flex\">\n<div class=\"wp-block-column is-layout-flow wp-block-column-is-layout-flow\">\n<figure class=\"wp-block-image size-large is-resized\"><a href=\"https:\/\/prahatransfers.cz\/wp-content\/uploads\/2025\/02\/sprinter.jpg\"><img loading=\"lazy\" decoding=\"async\" src=\"https:\/\/prahatransfers.cz\/wp-content\/uploads\/2025\/02\/sprinter-1024x688.jpg\" alt=\"\" class=\"wp-image-12066\" width=\"319\" height=\"214\" srcset=\"https:\/\/prahatransfers.cz\/wp-content\/uploads\/2025\/02\/sprinter-1024x688.jpg 1024w, https:\/\/prahatransfers.cz\/wp-content\/uploads\/2025\/02\/sprinter-300x202.jpg 300w, https:\/\/prahatransfers.cz\/wp-content\/uploads\/2025\/02\/sprinter-768x516.jpg 768w, https:\/\/prahatransfers.cz\/wp-content\/uploads\/2025\/02\/sprinter-1536x1032.jpg 1536w, https:\/\/prahatransfers.cz\/wp-content\/uploads\/2025\/02\/sprinter-570x380.jpg 570w, https:\/\/prahatransfers.cz\/wp-content\/uploads\/2025\/02\/sprinter-380x254.jpg 380w, https:\/\/prahatransfers.cz\/wp-content\/uploads\/2025\/02\/sprinter-285x190.jpg 285w, https:\/\/prahatransfers.cz\/wp-content\/uploads\/2025\/02\/sprinter-455x306.jpg 455w, https:\/\/prahatransfers.cz\/wp-content\/uploads\/2025\/02\/sprinter-793x533.jpg 793w, https:\/\/prahatransfers.cz\/wp-content\/uploads\/2025\/02\/sprinter.jpg 1600w\" sizes=\"auto, (max-width: 319px) 100vw, 319px\" \/><\/a><\/figure>\n<\/div>\n\n\n\n<div class=\"wp-block-column is-layout-flow wp-block-column-is-layout-flow\">\n<figure class=\"wp-block-image size-full is-resized\"><a href=\"https:\/\/prahatransfers.cz\/wp-content\/uploads\/2025\/02\/tourismo.jpg\"><img loading=\"lazy\" decoding=\"async\" src=\"https:\/\/prahatransfers.cz\/wp-content\/uploads\/2025\/02\/tourismo.jpg\" alt=\"\" class=\"wp-image-12065\" width=\"298\" height=\"190\" srcset=\"https:\/\/prahatransfers.cz\/wp-content\/uploads\/2025\/02\/tourismo.jpg 987w, https:\/\/prahatransfers.cz\/wp-content\/uploads\/2025\/02\/tourismo-300x191.jpg 300w, https:\/\/prahatransfers.cz\/wp-content\/uploads\/2025\/02\/tourismo-768x490.jpg 768w, https:\/\/prahatransfers.cz\/wp-content\/uploads\/2025\/02\/tourismo-460x294.jpg 460w, https:\/\/prahatransfers.cz\/wp-content\/uploads\/2025\/02\/tourismo-800x511.jpg 800w\" sizes=\"auto, (max-width: 298px) 100vw, 298px\" \/><\/a><\/figure>\n<\/div>\n\n\n\n<div class=\"wp-block-column is-layout-flow wp-block-column-is-layout-flow\">\n<figure class=\"wp-block-image size-full is-resized\"><a href=\"https:\/\/prahatransfers.cz\/wp-content\/uploads\/2025\/02\/scania.jpg\"><img loading=\"lazy\" decoding=\"async\" src=\"https:\/\/prahatransfers.cz\/wp-content\/uploads\/2025\/02\/scania.jpg\" alt=\"\" class=\"wp-image-12067\" width=\"330\" height=\"213\" srcset=\"https:\/\/prahatransfers.cz\/wp-content\/uploads\/2025\/02\/scania.jpg 696w, https:\/\/prahatransfers.cz\/wp-content\/uploads\/2025\/02\/scania-300x194.jpg 300w, https:\/\/prahatransfers.cz\/wp-content\/uploads\/2025\/02\/scania-460x297.jpg 460w\" sizes=\"auto, (max-width: 330px) 100vw, 330px\" \/><\/a><\/figure>\n<\/div>\n<\/div>\n","protected":false},"excerpt":{"rendered":"<p>Ve vozov\u00e9m parku m\u00e1me pouze udr\u017eovan\u00e9 a kvalitn\u00ed vozy, nab\u00edz\u00edme jak ekonomickou, komfortn\u00ed, tak business t\u0159\u00eddu, minibusy i autobusy a neust\u00e1le zlep\u0161ujeme na\u0161e slu\u017eby a aktualizujeme vozov\u00fd park.\u0158idi\u010di jsou pouze seriozn\u00ed, zodpov\u011bdn\u00ed a podle podm\u00ednek mus\u00ed udr\u017eovat auta v \u010distot\u011b, my se o to star\u00e1me.V\u0161echna auta maj\u00ed p\u0159\u00edstup ve voze wifi, poji\u0161t\u011bn\u00ed pro p\u0159\u00edpad nehody,&hellip;<\/p>\n<p class=\"more-link\"><a href=\"https:\/\/prahatransfers.cz\/cz\/carpark\/\" class=\"themebutton\">Read More<\/a><\/p>\n","protected":false},"author":2,"featured_media":0,"parent":0,"menu_order":0,"comment_status":"closed","ping_status":"closed","template":"","meta":{"footnotes":""},"class_list":["post-964","page","type-page","status-publish","hentry"],"_links":{"self":[{"href":"https:\/\/prahatransfers.cz\/cz\/wp-json\/wp\/v2\/pages\/964","targetHints":{"allow":["GET"]}}],"collection":[{"href":"https:\/\/prahatransfers.cz\/cz\/wp-json\/wp\/v2\/pages"}],"about":[{"href":"https:\/\/prahatransfers.cz\/cz\/wp-json\/wp\/v2\/types\/page"}],"author":[{"embeddable":true,"href":"https:\/\/prahatransfers.cz\/cz\/wp-json\/wp\/v2\/users\/2"}],"replies":[{"embeddable":true,"href":"https:\/\/prahatransfers.cz\/cz\/wp-json\/wp\/v2\/comments?post=964"}],"version-history":[{"count":19,"href":"https:\/\/prahatransfers.cz\/cz\/wp-json\/wp\/v2\/pages\/964\/revisions"}],"predecessor-version":[{"id":12096,"href":"https:\/\/prahatransfers.cz\/cz\/wp-json\/wp\/v2\/pages\/964\/revisions\/12096"}],"wp:attachment":[{"href":"https:\/\/prahatransfers.cz\/cz\/wp-json\/wp\/v2\/media?parent=964"}],"curies":[{"name":"wp","href":"https:\/\/api.w.org\/{rel}","templated":true}]}}