{"id":90,"date":"2016-01-13T15:36:56","date_gmt":"2016-01-13T14:36:56","guid":{"rendered":"http:\/\/prahatransfers.cz\/?page_id=90"},"modified":"2025-02-11T10:57:28","modified_gmt":"2025-02-11T09:57:28","slug":"kontakty","status":"publish","type":"page","link":"https:\/\/prahatransfers.cz\/ru\/kontakty\/","title":{"rendered":"\u041a\u043e\u043d\u0442\u0430\u043a\u0442\u044b"},"content":{"rendered":"<p style=\"text-align: center;\">\u00a0<em>\u0417\u0430\u043a\u0430\u0437\u044b \u043f\u0440\u0438\u043d\u0438\u043c\u0430\u0435\u043c \u043a\u0430\u0436\u0434\u044b\u0439 \u0434\u0435\u043d\u044c \u043e\u0442 9:00 \u0434\u043e 18:00(PRG), \u0432\u043e\u0434\u0438\u0442\u0435\u043b\u0438 \u0440\u0430\u0431\u043e\u0442\u0430\u044e\u0442 \u043a\u0430\u0436\u0434\u044b\u0439 \u0434\u0435\u043d\u044c \u0432 \u043b\u044e\u0431\u043e\u0435 \u0432\u0440\u0435\u043c\u044f !<\/em><a href=\"https:\/\/www.instagram.com\/prahatransfers.cz\/\" target=\"_blank\" rel=\"attachment wp-att-133 noopener noreferrer\"><br \/><img loading=\"lazy\" decoding=\"async\" class=\"wp-image-133 alignright\" src=\"http:\/\/prahatransfers.cz\/wp-content\/uploads\/2016\/01\/instagram.png\" alt=\"\u0442\u0440\u0430\u043d\u0441\u0444\u0435\u0440 \u0438\u0437 \u0430\u044d\u0440\u043e\u043f\u043e\u0440\u0442\u0430 \u043f\u0440\u0430\u0433\u0438\" width=\"70\" height=\"70\" srcset=\"https:\/\/prahatransfers.cz\/wp-content\/uploads\/2016\/01\/instagram.png 300w, https:\/\/prahatransfers.cz\/wp-content\/uploads\/2016\/01\/instagram-100x100.png 100w, https:\/\/prahatransfers.cz\/wp-content\/uploads\/2016\/01\/instagram-150x150.png 150w\" sizes=\"auto, (max-width: 70px) 100vw, 70px\" \/><\/a><a href=\"https:\/\/www.tripadvisor.cz\/Attraction_Review-g274707-d8005411-Reviews-PrahaTransfers-Prague_Bohemia.html\" rel=\"attachment wp-att-453\"><img loading=\"lazy\" decoding=\"async\" class=\"wp-image-453 alignright\" src=\"http:\/\/prahatransfers.cz\/wp-content\/uploads\/2016\/01\/tripavisor_logo.png\" alt=\"tripadvisor prahatransfers.cz\" width=\"70\" height=\"70\" srcset=\"https:\/\/prahatransfers.cz\/wp-content\/uploads\/2016\/01\/tripavisor_logo.png 195w, https:\/\/prahatransfers.cz\/wp-content\/uploads\/2016\/01\/tripavisor_logo-100x100.png 100w, https:\/\/prahatransfers.cz\/wp-content\/uploads\/2016\/01\/tripavisor_logo-150x150.png 150w\" sizes=\"auto, (max-width: 70px) 100vw, 70px\" \/><\/a><a href=\"https:\/\/www.facebook.com\/prahatransfers.cz\/\"><img loading=\"lazy\" decoding=\"async\" class=\"wp-image-598 alignright\" src=\"http:\/\/prahatransfers.cz\/wp-content\/uploads\/2017\/12\/facebook-2-300x300.png\" alt=\"\u0442\u0440\u0430\u043d\u0441\u0444\u0435\u0440 \u0438\u0437 \u0430\u044d\u0440\u043e\u043f\u043e\u0440\u0442\u0430 \u043f\u0440\u0430\u0433\u0438\" width=\"70\" height=\"70\" srcset=\"https:\/\/prahatransfers.cz\/wp-content\/uploads\/2017\/12\/facebook-2-300x300.png 300w, https:\/\/prahatransfers.cz\/wp-content\/uploads\/2017\/12\/facebook-2-100x100.png 100w, https:\/\/prahatransfers.cz\/wp-content\/uploads\/2017\/12\/facebook-2-150x150.png 150w, https:\/\/prahatransfers.cz\/wp-content\/uploads\/2017\/12\/facebook-2.png 400w\" sizes=\"auto, (max-width: 70px) 100vw, 70px\" \/><\/a><\/p>\n<p>\u0422<strong>\u0435\u043b\u0435\u0444\u043e\u043d:\u00a0<\/strong><strong>+420 776 888 115 CZ\/RU\/EN <a href=\"http:\/\/prahatransfers.cz\/wp-content\/uploads\/2016\/01\/whatsapp.jpg\" rel=\"attachment wp-att-131\"><img loading=\"lazy\" decoding=\"async\" class=\"wp-image-131 alignright\" src=\"http:\/\/prahatransfers.cz\/wp-content\/uploads\/2016\/01\/whatsapp-298x300.jpg\" alt=\"\u041a\u043e\u043d\u0442\u0430\u043a\u0442\u044b\" width=\"25\" height=\"25\" srcset=\"https:\/\/prahatransfers.cz\/wp-content\/uploads\/2016\/01\/whatsapp-298x300.jpg 298w, https:\/\/prahatransfers.cz\/wp-content\/uploads\/2016\/01\/whatsapp-300x300.jpg 300w, https:\/\/prahatransfers.cz\/wp-content\/uploads\/2016\/01\/whatsapp-100x100.jpg 100w, https:\/\/prahatransfers.cz\/wp-content\/uploads\/2016\/01\/whatsapp-600x604.jpg 600w, https:\/\/prahatransfers.cz\/wp-content\/uploads\/2016\/01\/whatsapp-150x150.jpg 150w, https:\/\/prahatransfers.cz\/wp-content\/uploads\/2016\/01\/whatsapp-768x773.jpg 768w, https:\/\/prahatransfers.cz\/wp-content\/uploads\/2016\/01\/whatsapp-1017x1024.jpg 1017w, https:\/\/prahatransfers.cz\/wp-content\/uploads\/2016\/01\/whatsapp.jpg 1400w\" sizes=\"auto, (max-width: 25px) 100vw, 25px\" \/><\/a><a href=\"http:\/\/prahatransfers.cz\/wp-content\/uploads\/2016\/01\/viber.png\" rel=\"attachment wp-att-130\"><img loading=\"lazy\" decoding=\"async\" class=\"wp-image-130 alignright\" src=\"http:\/\/prahatransfers.cz\/wp-content\/uploads\/2016\/01\/viber.png\" alt=\"\u041a\u043e\u043d\u0442\u0430\u043a\u0442\u044b\" width=\"25\" height=\"25\" srcset=\"https:\/\/prahatransfers.cz\/wp-content\/uploads\/2016\/01\/viber.png 256w, https:\/\/prahatransfers.cz\/wp-content\/uploads\/2016\/01\/viber-100x100.png 100w, https:\/\/prahatransfers.cz\/wp-content\/uploads\/2016\/01\/viber-150x150.png 150w\" sizes=\"auto, (max-width: 25px) 100vw, 25px\" \/><\/a><br \/><\/strong><\/p>\n<p><strong>E-mail:<\/strong> info@prahatransfers.cz, orders@prahatransfers.cz<\/p>\n<p><strong>\u041d\u0430\u0437\u0432\u0430\u043d\u0438\u0435 \u0444\u0438\u0440\u043c\u044b:<\/strong>\u00a0PrahaTransfers.cz<\/p>\n<p><strong>\u042e\u0440\u0438\u0434\u0438\u0447\u0435\u0441\u043a\u0438\u0439 \u0430\u0434\u0440\u0435\u0441:<\/strong>\u00a0Praha 18, Let\u0148any, R\u00fdma\u0159ovsk\u00e1 434<\/p>\n<p><em>&#8211; \u0417\u0430\u043a\u0430\u0437\u044b \u043f\u0440\u0438\u043d\u0438\u043c\u0430\u0435\u043c \u0442\u043e\u043b\u044c\u043a\u043e \u0432 \u043f\u0438\u0441\u044c\u043c\u0435\u043d\u043d\u043e\u0439 \u0444\u043e\u0440\u043c\u0435(\u0447\u0442\u043e\u0431\u044b \u0438\u0437\u0431\u0435\u0436\u0430\u0442\u044c \u043d\u0435\u043f\u0440\u0438\u044f\u0442\u043d\u044b\u0445 \u0441\u0438\u0442\u0443\u0430\u0446\u0438\u0439) &#8211;<\/em><\/p>\n<p>Bank account: 670100-2206435770\/6210, IBAN: CZ04 6210 6701 0022 0643 5770, BIC: BREXCZPPXXX<\/p>\n<p><strong>\u041f\u043e\u0447\u0435\u043c\u0443 PrahaTransfers.cz?<\/strong> \u043f\u043e\u0442\u043e\u043c\u0443 \u0447\u0442\u043e \u043c\u044b \u043f\u0440\u0435\u0434\u043b\u0430\u0433\u0430\u0435\u043c \u0441\u0430\u043c\u044b\u0435 \u0432\u044b\u0433\u043e\u0434\u043d\u044b\u0435 \u0443\u0441\u043b\u0443\u0433\u0438, \u0441\u0435\u0440\u0432\u0438\u0441 \u043d\u0430 \u043e\u0447\u0435\u043d\u044c \u0445\u043e\u0440\u043e\u0448\u0435\u043c \u0443\u0440\u043e\u0432\u043d\u0435,\u0446\u0435\u043d\u044b \u043d\u0438\u0437\u043a\u0438\u0435 \u043a\u0430\u0447\u0435\u0441\u0442\u0432\u043e \u043e\u0447\u0435\u043d \u0432\u044b\u0441\u043e\u043a\u043e\u0435! \u041c\u044b \u043e\u0444\u0438\u0446\u0438\u0430\u043b\u044c\u043d\u0430\u044f \u0444\u0438\u0440\u043c\u0430 \u0441 \u043b\u0438\u0446\u0435\u043d\u0437\u0438\u0438, \u043d\u0435 \u043e\u0431\u044b\u0447\u043d\u043e\u0435 \u0442\u0430\u043a\u0441\u0438 ! \u0443 \u043d\u0430\u0441 \u043c\u043e\u0436\u0435\u0442\u0435 \u043f\u0440\u043e\u0432\u0435\u0440\u0438\u0442\u044c \u043a\u0430\u0447\u0435\u0441\u0442\u0432\u043e \u0434\u0430\u0436\u0435 \u043f\u043e \u043e\u0444\u0438\u0446\u0438\u0430\u043b\u044c\u043d\u044b\u043c \u043e\u0442\u0437\u044b\u0432\u0430\u043c, \u043f\u043e\u0442\u043e\u043c\u0443\u0447\u0442\u043e \u043c\u044b \u043d\u0435\u0441\u043a\u0440\u044b\u0432\u0430\u0435\u043c \u0438 \u043d\u0435\u043f\u0438\u0449\u0435\u043c \u043e\u0442\u0437\u044b\u0432\u044b \u043f\u043e\u0434 \u0438\u043c\u0435\u043d\u0430\u043c\u0438 &#8220;\u043a\u043b\u0438\u0435\u043d\u0442\u043e\u0432&#8221;, \u043a\u043b\u0438\u0435\u043d\u0442\u044b \u043f\u0438\u0448\u0443\u0442 \u0441\u0430\u043c\u0438!<\/p>\n<p><em>\u0412 \u0446\u0435\u043d\u0443 \u0443 \u043d\u0430\u0441 \u0432\u0445\u043e\u0434\u0438\u0442 \u0432\u043e\u0434\u0430, \u0432\u0441\u0442\u0440\u0435\u0447\u0430 \u0432 \u0430\u044d\u0440\u043e\u043f\u043e\u0440\u0442\u0443, \u0440\u0443\u0441\u0441\u043a\u043e\u0433\u043e\u0432\u043e\u0440\u044f\u0449\u0438\u0435 \u0432\u043e\u0434\u0438\u0442\u0435\u043b\u0438, 21% \u041d\u0414\u0421, \u0438\u043d\u0442\u0435\u0440\u043d\u0435\u0442 \u0441 \u043f\u043b\u0430\u043d\u0448\u0435\u0442\u043e\u043c ,\u0434\u0435\u0442\u0441\u043a\u043e\u0435 \u043a\u0440\u0435\u0441\u043b\u043e, \u0438 \u0431\u044b\u0441\u0442\u0440\u0430\u044f \u0440\u0435\u0430\u043a\u0446\u0438\u044f \u043e\u043f\u0435\u0440\u0430\u0442\u043e\u0440\u0430!<br \/><\/em><\/p>\n\n\n<ins class=\"bookingaff\" data-aid=\"2259427\" data-target_aid=\"2259427\" data-prod=\"map\" data-width=\"400\" data-height=\"300\" data-lang=\"en\" data-currency=\"EUR\" data-dest_id=\"0\" data-dest_type=\"landmark\" data-latitude=\"50.0810226\" data-longitude=\"14.4279917\" data-landmark_name=\"Prague Center\" data-mwhsb=\"0\" data-address=\"V\u00e1clavsk\u00e9 n\u00e1m\u011bst\u00ed, Prague 1, Czechia\">\n    <!-- Anything inside will go away once widget is loaded. -->\n        <a href=\"\/\/www.booking.com?aid=2259427\">Booking.com<\/a>\n<\/ins>\n<script type=\"text\/javascript\">\n    (function(d, sc, u) {\n      var s = d.createElement(sc), p = d.getElementsByTagName(sc)[0];\n      s.type = 'text\/javascript';\n      s.async = true;\n      s.src = u + '?v=' + (+new Date());\n      p.parentNode.insertBefore(s,p);\n      })(document, 'script', '\/\/cf.bstatic.com\/static\/affiliate_base\/js\/flexiproduct.js');\n<\/script>\n\n\n\n<h3 class=\"wp-block-heading\"><\/h3>\n","protected":false},"excerpt":{"rendered":"<p>\u00a0\u0417\u0430\u043a\u0430\u0437\u044b \u043f\u0440\u0438\u043d\u0438\u043c\u0430\u0435\u043c \u043a\u0430\u0436\u0434\u044b\u0439 \u0434\u0435\u043d\u044c \u043e\u0442 9:00 \u0434\u043e 18:00(PRG), \u0432\u043e\u0434\u0438\u0442\u0435\u043b\u0438 \u0440\u0430\u0431\u043e\u0442\u0430\u044e\u0442 \u043a\u0430\u0436\u0434\u044b\u0439 \u0434\u0435\u043d\u044c \u0432 \u043b\u044e\u0431\u043e\u0435 \u0432\u0440\u0435\u043c\u044f ! \u0422\u0435\u043b\u0435\u0444\u043e\u043d:\u00a0+420 776 888 115 CZ\/RU\/EN E-mail: info@prahatransfers.cz, orders@prahatransfers.cz \u041d\u0430\u0437\u0432\u0430\u043d\u0438\u0435 \u0444\u0438\u0440\u043c\u044b:\u00a0PrahaTransfers.cz \u042e\u0440\u0438\u0434\u0438\u0447\u0435\u0441\u043a\u0438\u0439 \u0430\u0434\u0440\u0435\u0441:\u00a0Praha 18, Let\u0148any, R\u00fdma\u0159ovsk\u00e1 434 &#8211; \u0417\u0430\u043a\u0430\u0437\u044b \u043f\u0440\u0438\u043d\u0438\u043c\u0430\u0435\u043c \u0442\u043e\u043b\u044c\u043a\u043e \u0432 \u043f\u0438\u0441\u044c\u043c\u0435\u043d\u043d\u043e\u0439 \u0444\u043e\u0440\u043c\u0435(\u0447\u0442\u043e\u0431\u044b \u0438\u0437\u0431\u0435\u0436\u0430\u0442\u044c \u043d\u0435\u043f\u0440\u0438\u044f\u0442\u043d\u044b\u0445 \u0441\u0438\u0442\u0443\u0430\u0446\u0438\u0439) &#8211; Bank account: 670100-2206435770\/6210, IBAN: CZ04 6210 6701 0022 0643 5770, BIC: BREXCZPPXXX&hellip;<\/p>\n<p class=\"more-link\"><a href=\"https:\/\/prahatransfers.cz\/ru\/kontakty\/\" class=\"themebutton\">Read More<\/a><\/p>\n","protected":false},"author":1,"featured_media":0,"parent":0,"menu_order":0,"comment_status":"closed","ping_status":"closed","template":"","meta":{"footnotes":""},"class_list":["post-90","page","type-page","status-publish","hentry"],"_links":{"self":[{"href":"https:\/\/prahatransfers.cz\/ru\/wp-json\/wp\/v2\/pages\/90","targetHints":{"allow":["GET"]}}],"collection":[{"href":"https:\/\/prahatransfers.cz\/ru\/wp-json\/wp\/v2\/pages"}],"about":[{"href":"https:\/\/prahatransfers.cz\/ru\/wp-json\/wp\/v2\/types\/page"}],"author":[{"embeddable":true,"href":"https:\/\/prahatransfers.cz\/ru\/wp-json\/wp\/v2\/users\/1"}],"replies":[{"embeddable":true,"href":"https:\/\/prahatransfers.cz\/ru\/wp-json\/wp\/v2\/comments?post=90"}],"version-history":[{"count":71,"href":"https:\/\/prahatransfers.cz\/ru\/wp-json\/wp\/v2\/pages\/90\/revisions"}],"predecessor-version":[{"id":12062,"href":"https:\/\/prahatransfers.cz\/ru\/wp-json\/wp\/v2\/pages\/90\/revisions\/12062"}],"wp:attachment":[{"href":"https:\/\/prahatransfers.cz\/ru\/wp-json\/wp\/v2\/media?parent=90"}],"curies":[{"name":"wp","href":"https:\/\/api.w.org\/{rel}","templated":true}]}}